{"id":130,"date":"2012-11-18T10:06:54","date_gmt":"2012-11-18T08:06:54","guid":{"rendered":"http:\/\/albarus.de\/fveb\/?page_id=130"},"modified":"2020-08-26T12:25:31","modified_gmt":"2020-08-26T10:25:31","slug":"der-forderverein","status":"publish","type":"page","link":"https:\/\/fv-erlebnisbad.de\/?page_id=130","title":{"rendered":"Der F\u00f6rderverein"},"content":{"rendered":"<p>Wozu braucht das Erlebnisbad Dransfeld einen F\u00f6rderverein denken sich einige Mitmenschen der Dransfelder Bev\u00f6lkerung und auch aus dem Umland.<br \/>\nDer Grund ist relativ einfach:<\/p>\n<p>Ein Schwimmbad zu unterhalten ist eine kostspielige Angelegenheit. Der Tr\u00e4ger eines Schwimmbades muss es in vielen F\u00e4llen bezuschussen. Anders als bei privaten B\u00e4dern, sind die Eintrittspreise noch human. Realistisch m\u00fcsste man vermutlich einen Eintrittspreis von 10 Euro und mehr verlangen, damit sich ein Schwimmbad ann\u00e4hernd rentiert.<\/p>\n<p>Es ist ja nicht nur das Wasser, welches Kosten verursacht. Viel mehr sind es das Aufheizen des Wassers, sanit\u00e4re Anlagen, Instandhaltungen, Personalkosten, usw.<br \/>\nOftmals Kosten, an die man gar nicht denkt. Was allein an Strom- und Gas bezahlt wird &#8230; da kommt man in Privathaushalt ein paar Jahre mit aus.<\/p>\n<p>Da greifen wir vom F\u00f6rderverein Erlebnisbad Dransfeld e.V. ein. Wir leisten durch gelegentliche Arbeitseins\u00e4tze dahingehend Hilfe, dass man Kosten geringer halten kann. So wurden z.B. Malerarbeiten von unseren Mitgliedern oder auch die Vergr\u00f6\u00dferung der Duschen vorgenommen. Alles in Eigenleistung. F\u00fcr das Material konnten zum Teil auch Sponsoren gewonnen werden<\/p>\n","protected":false},"excerpt":{"rendered":"<p>Wozu braucht das Erlebnisbad Dransfeld einen F\u00f6rderverein denken sich einige Mitmenschen der Dransfelder Bev\u00f6lkerung und auch aus dem Umland. Der Grund ist relativ einfach: Ein Schwimmbad zu unterhalten ist eine kostspielige Angelegenheit. Der Tr\u00e4ger eines Schwimmbades muss es in vielen F\u00e4llen bezuschussen. Anders als bei privaten B\u00e4dern, sind die Eintrittspreise noch human. Realistisch m\u00fcsste man [&hellip;]<\/p>\n","protected":false},"author":2,"featured_media":0,"parent":0,"menu_order":0,"comment_status":"closed","ping_status":"closed","template":"full-width-page.php","meta":{"jetpack_post_was_ever_published":false,"footnotes":""},"class_list":["post-130","page","type-page","status-publish","hentry"],"jetpack_sharing_enabled":true,"publishpress_future_action":{"enabled":false,"date":"2026-04-25 14:27:09","action":"change-status","newStatus":"draft","terms":[],"taxonomy":"","extraData":[]},"publishpress_future_workflow_manual_trigger":{"enabledWorkflows":[]},"_links":{"self":[{"href":"https:\/\/fv-erlebnisbad.de\/index.php?rest_route=\/wp\/v2\/pages\/130","targetHints":{"allow":["GET"]}}],"collection":[{"href":"https:\/\/fv-erlebnisbad.de\/index.php?rest_route=\/wp\/v2\/pages"}],"about":[{"href":"https:\/\/fv-erlebnisbad.de\/index.php?rest_route=\/wp\/v2\/types\/page"}],"author":[{"embeddable":true,"href":"https:\/\/fv-erlebnisbad.de\/index.php?rest_route=\/wp\/v2\/users\/2"}],"replies":[{"embeddable":true,"href":"https:\/\/fv-erlebnisbad.de\/index.php?rest_route=%2Fwp%2Fv2%2Fcomments&post=130"}],"version-history":[{"count":4,"href":"https:\/\/fv-erlebnisbad.de\/index.php?rest_route=\/wp\/v2\/pages\/130\/revisions"}],"predecessor-version":[{"id":528,"href":"https:\/\/fv-erlebnisbad.de\/index.php?rest_route=\/wp\/v2\/pages\/130\/revisions\/528"}],"wp:attachment":[{"href":"https:\/\/fv-erlebnisbad.de\/index.php?rest_route=%2Fwp%2Fv2%2Fmedia&parent=130"}],"curies":[{"name":"wp","href":"https:\/\/api.w.org\/{rel}","templated":true}]}}