{"id":223,"date":"2012-12-19T06:53:03","date_gmt":"2012-12-19T04:53:03","guid":{"rendered":"http:\/\/albarus.de\/fveb\/?page_id=223"},"modified":"2020-08-26T12:32:43","modified_gmt":"2020-08-26T10:32:43","slug":"newsletter","status":"publish","type":"page","link":"https:\/\/fv-erlebnisbad.de\/?page_id=223","title":{"rendered":"Newsletter"},"content":{"rendered":"<p>Wenn Du unseren newsletter erhalten m\u00f6chtest, so trag bitte Deine Daten in die nachfolgenden Felder ein.<\/p>\n<p><script type=\"text\/javascript\">\/\/ <![CDATA[\n\tfunction xyz_em_verify_fields()\n\t{\n\t\tvar reg = \/^([A-Za-z0-9_\\-\\.])+\\@([A-Za-z0-9_\\-\\.])+\\.([A-Za-z]{2,4})$\/;<br \/>\n\t\tvar address = document.subscription.xyz_em_email.value;<br \/>\n\t\tif(reg.test(address) == false) {<br \/>\n\t\t\talert(\"Die E-Mailadresse scheint nicht korrekt zu sein. Bitte pr\u00fcfen!\");<br \/>\n\t\t\treturn false;<br \/>\n\t\t}else{<br \/>\n\t\t\t\/\/document.subscription.submit();<br \/>\n\t\t\treturn true;<br \/>\n\t\t}<br \/>\n\t}<br \/>\n\/\/ ]]><\/script><\/p>\n<p><span style=\"color: #ffffff;\"><\/p>\n<style><!--\n\t#tdTop{\n\t\tborder-top:none;\n\t}\n--><\/style>\n<p><\/span><\/p>\n<form action=\"http:\/\/albarus.de\/fveb\/wp-content\/plugins\/newsletter-manager\/subscription.php\" method=\"POST\" name=\"subscription\">\n<table style=\"width: 600px; color: black;\" border=\"0\">\n<tbody>\n<tr>\n<td id=\"tdTop\" colspan=\"2\"><span style=\"font-size: 14px; color: #ffffff;\"><b>Newsletter bestellen<\/b><\/span><\/td>\n<\/tr>\n<tr>\n<td id=\"tdTop\" width=\"200\"><span style=\"color: #ffffff;\">Email Address<\/span><span style=\"color: #ff0000;\">*<\/span><\/td>\n<td id=\"tdTop\"><input name=\"xyz_em_email\" required=\"\" type=\"text\" \/><\/td>\n<\/tr>\n<tr>\n<td id=\"tdTop\" width=\"200\"><span style=\"color: #ffffff;\">Name<\/span><span style=\"color: #ff0000;\">*<\/span><\/td>\n<td id=\"tdTop\"><input name=\"xyz_em_name\" required=\"\" type=\"text\" \/><\/td>\n<\/tr>\n<tr>\n<td id=\"tdTop\"><span style=\"color: #ffffff;\">Mitglied im F\u00f6rderverein<\/span>?<span style=\"color: #ff0000;\">*<\/span><\/td>\n<td id=\"tdTop\"><input class=\"Radio\" name=\"xyz_em_mitglied\" required=\"\" type=\"radio\" value=\"ja\" \/> <span style=\"color: #ffffff;\">Ja<\/span><br \/>\n<input class=\"Radio\" name=\"xyz_em_mitglied\" required=\"\" type=\"radio\" value=\"nein\" \/> <span style=\"color: #ffffff;\">Nein<\/span><\/td>\n<\/tr>\n<tr>\n<td id=\"tdTop\"><\/td>\n<td id=\"tdTop\">\n<div style=\"height: 20px;\"><input id=\"submit\" class=\"button-primary\" name=\"htmlSubmit\" type=\"submit\" value=\"Bestellen\" \/><\/div>\n<\/td>\n<\/tr>\n<tr>\n<td id=\"tdTop\"><span style=\"color: #ff0000;\">*<span style=\"color: #000000;\"><span style=\"color: #ffffff;\"> = Pflichtangaben<\/span> <\/span><\/span><\/td>\n<\/tr>\n<\/tbody>\n<\/table>\n<p><b><span style=\"text-decoration: underline;\">HINWEIS<\/span><\/b><\/p>\n<p>Nach dem Klick auf &#8218;Bestellen&#8216; erh\u00e4lst Du eine E-Mail an die angegebene Adresse<br \/>\nmit einem Link, den Du noch mal explizit best\u00e4tigen musst, um in den Newsletter-<br \/>\nverteiler aufgenommen zu werden.<\/p>\n<\/form>\n","protected":false},"excerpt":{"rendered":"<p>Wenn Du unseren newsletter erhalten m\u00f6chtest, so trag bitte Deine Daten in die nachfolgenden Felder ein. Newsletter bestellen Email Address* Name* Mitglied im F\u00f6rderverein?* Ja Nein * = Pflichtangaben HINWEIS Nach dem Klick auf &#8218;Bestellen&#8216; erh\u00e4lst Du eine E-Mail an die angegebene Adresse mit einem Link, den Du noch mal explizit best\u00e4tigen musst, um in [&hellip;]<\/p>\n","protected":false},"author":2,"featured_media":0,"parent":0,"menu_order":0,"comment_status":"closed","ping_status":"closed","template":"full-width-page.php","meta":{"jetpack_post_was_ever_published":false,"footnotes":""},"class_list":["post-223","page","type-page","status-publish","hentry"],"jetpack_sharing_enabled":true,"publishpress_future_action":{"enabled":false,"date":"2026-05-08 15:44:29","action":"change-status","newStatus":"draft","terms":[],"taxonomy":"","extraData":[]},"publishpress_future_workflow_manual_trigger":{"enabledWorkflows":[]},"_links":{"self":[{"href":"https:\/\/fv-erlebnisbad.de\/index.php?rest_route=\/wp\/v2\/pages\/223","targetHints":{"allow":["GET"]}}],"collection":[{"href":"https:\/\/fv-erlebnisbad.de\/index.php?rest_route=\/wp\/v2\/pages"}],"about":[{"href":"https:\/\/fv-erlebnisbad.de\/index.php?rest_route=\/wp\/v2\/types\/page"}],"author":[{"embeddable":true,"href":"https:\/\/fv-erlebnisbad.de\/index.php?rest_route=\/wp\/v2\/users\/2"}],"replies":[{"embeddable":true,"href":"https:\/\/fv-erlebnisbad.de\/index.php?rest_route=%2Fwp%2Fv2%2Fcomments&post=223"}],"version-history":[{"count":11,"href":"https:\/\/fv-erlebnisbad.de\/index.php?rest_route=\/wp\/v2\/pages\/223\/revisions"}],"predecessor-version":[{"id":1347,"href":"https:\/\/fv-erlebnisbad.de\/index.php?rest_route=\/wp\/v2\/pages\/223\/revisions\/1347"}],"wp:attachment":[{"href":"https:\/\/fv-erlebnisbad.de\/index.php?rest_route=%2Fwp%2Fv2%2Fmedia&parent=223"}],"curies":[{"name":"wp","href":"https:\/\/api.w.org\/{rel}","templated":true}]}}